{"id":7005,"date":"2021-09-23T15:25:45","date_gmt":"2021-09-23T13:25:45","guid":{"rendered":"https:\/\/www.a-lepicerie.com\/?page_id=7005"},"modified":"2023-11-14T12:19:54","modified_gmt":"2023-11-14T11:19:54","slug":"news","status":"publish","type":"page","link":"https:\/\/www.a-lepicerie.com\/en\/actualites\/","title":{"rendered":"News"},"content":{"rendered":"\t\t<div data-elementor-type=\"wp-page\" data-elementor-id=\"7005\" class=\"elementor elementor-7005\" data-elementor-post-type=\"page\">\n\t\t\t\t\t\t<section class=\"elementor-section elementor-top-section elementor-element elementor-element-3853b209 elementor-section-height-min-height elementor-section-boxed elementor-section-height-default elementor-section-items-middle qodef-elementor-content-no\" data-id=\"3853b209\" data-element_type=\"section\" data-e-type=\"section\" data-settings=\"{&quot;background_background&quot;:&quot;classic&quot;}\">\n\t\t\t\t\t\t<div class=\"elementor-container elementor-column-gap-default\">\n\t\t\t\t\t<div class=\"elementor-column elementor-col-100 elementor-top-column elementor-element elementor-element-453f9f9f\" data-id=\"453f9f9f\" data-element_type=\"column\" data-e-type=\"column\">\n\t\t\t<div class=\"elementor-widget-wrap elementor-element-populated\">\n\t\t\t\t\t\t<div class=\"elementor-element elementor-element-6ce4c040 elementor-widget elementor-widget-heading\" data-id=\"6ce4c040\" data-element_type=\"widget\" data-e-type=\"widget\" data-widget_type=\"heading.default\">\n\t\t\t\t<div class=\"elementor-widget-container\">\n\t\t\t\t\t<h1 class=\"elementor-heading-title elementor-size-default\">L'actualit\u00e9<\/h1>\t\t\t\t<\/div>\n\t\t\t\t<\/div>\n\t\t\t\t<div class=\"elementor-element elementor-element-157395d5 elementor-widget__width-auto elementor-absolute elementor-invisible elementor-widget elementor-widget-image\" data-id=\"157395d5\" data-element_type=\"widget\" data-e-type=\"widget\" data-settings=\"{&quot;motion_fx_motion_fx_scrolling&quot;:&quot;yes&quot;,&quot;motion_fx_translateY_effect&quot;:&quot;yes&quot;,&quot;motion_fx_translateY_speed&quot;:{&quot;unit&quot;:&quot;px&quot;,&quot;size&quot;:2,&quot;sizes&quot;:[]},&quot;_animation&quot;:&quot;fadeIn&quot;,&quot;_position&quot;:&quot;absolute&quot;,&quot;motion_fx_translateY_affectedRange&quot;:{&quot;unit&quot;:&quot;%&quot;,&quot;size&quot;:&quot;&quot;,&quot;sizes&quot;:{&quot;start&quot;:0,&quot;end&quot;:100}},&quot;motion_fx_devices&quot;:[&quot;desktop&quot;,&quot;tablet&quot;,&quot;mobile&quot;]}\" data-widget_type=\"image.default\">\n\t\t\t\t<div class=\"elementor-widget-container\">\n\t\t\t\t\t\t\t\t\t\t\t\t\t\t\t<img fetchpriority=\"high\" decoding=\"async\" width=\"1024\" height=\"1024\" src=\"https:\/\/www.a-lepicerie.com\/wp-content\/uploads\/2021\/09\/Cucumber.svg\" class=\"attachment-large size-large wp-image-6684\" alt=\"\" title=\"Photo -\">\t\t\t\t\t\t\t\t\t\t\t\t\t\t\t<\/div>\n\t\t\t\t<\/div>\n\t\t\t\t\t<\/div>\n\t\t<\/div>\n\t\t\t\t\t<\/div>\n\t\t<\/section>\n\t\t\t\t<section class=\"elementor-section elementor-top-section elementor-element elementor-element-a877d6c qodef-elementor-content-grid elementor-section-boxed elementor-section-height-default elementor-section-height-default\" data-id=\"a877d6c\" data-element_type=\"section\" data-e-type=\"section\" data-settings=\"{&quot;background_background&quot;:&quot;classic&quot;}\">\n\t\t\t\t\t\t\t<div class=\"elementor-background-overlay\"><\/div>\n\t\t\t\t\t\t\t<div class=\"elementor-container elementor-column-gap-default\">\n\t\t\t\t\t<div class=\"elementor-column elementor-col-50 elementor-top-column elementor-element elementor-element-9c82c89\" data-id=\"9c82c89\" data-element_type=\"column\" data-e-type=\"column\" data-settings=\"{&quot;background_background&quot;:&quot;classic&quot;}\">\n\t\t\t<div class=\"elementor-widget-wrap elementor-element-populated\">\n\t\t\t\t\t<div class=\"elementor-background-overlay\"><\/div>\n\t\t\t\t\t\t<div class=\"elementor-element elementor-element-a6427b2 elementor-widget elementor-widget-heading\" data-id=\"a6427b2\" data-element_type=\"widget\" data-e-type=\"widget\" data-widget_type=\"heading.default\">\n\t\t\t\t<div class=\"elementor-widget-container\">\n\t\t\t\t\t<h2 class=\"elementor-heading-title elementor-size-default\">Suivez nos actualit\u00e9s<\/h2>\t\t\t\t<\/div>\n\t\t\t\t<\/div>\n\t\t\t\t\t<\/div>\n\t\t<\/div>\n\t\t\t\t<div class=\"elementor-column elementor-col-50 elementor-top-column elementor-element elementor-element-642a92b\" data-id=\"642a92b\" data-element_type=\"column\" data-e-type=\"column\">\n\t\t\t<div class=\"elementor-widget-wrap elementor-element-populated\">\n\t\t\t\t\t\t<section class=\"elementor-section elementor-inner-section elementor-element elementor-element-bab6f4f elementor-section-boxed elementor-section-height-default elementor-section-height-default qodef-elementor-content-no\" data-id=\"bab6f4f\" data-element_type=\"section\" data-e-type=\"section\">\n\t\t\t\t\t\t<div class=\"elementor-container elementor-column-gap-default\">\n\t\t\t\t\t<div class=\"elementor-column elementor-col-50 elementor-inner-column elementor-element elementor-element-9c8d9c8\" data-id=\"9c8d9c8\" data-element_type=\"column\" data-e-type=\"column\">\n\t\t\t<div class=\"elementor-widget-wrap elementor-element-populated\">\n\t\t\t\t\t\t<div class=\"elementor-element elementor-element-5f8eb2f elementor-widget elementor-widget-text-editor\" data-id=\"5f8eb2f\" data-element_type=\"widget\" data-e-type=\"widget\" data-widget_type=\"text-editor.default\">\n\t\t\t\t<div class=\"elementor-widget-container\">\n\t\t\t\t\t\t\t\t\t<p><strong>Envie d&rsquo;en savoir plus ? Retrouvez l&rsquo;actualit\u00e9 \u00ab\u00a0A L&rsquo;Epicerie\u00a0\u00bb dans cette page<\/strong>.\u00a0<\/p><p>Notre enseigne \u201cA l\u2019Epicerie\u201d a \u00e9t\u00e9 fond\u00e9e en 2021, l\u2019histoire a m\u00eame d\u00e9but\u00e9 d\u00e8s 2020, avec la volont\u00e9 tr\u00e8s forte de vouloir proposer des produits frais, du terroir, de qualit\u00e9 \u00e0 notre communaut\u00e9. C\u2019est pourquoi nous s\u00e9lectionnons, depuis l\u2019origine, avec soin, chaque produit que nous proposons cuisin\u00e9 en recettes revisit\u00e9es et en boutique, en mettant en avant les producteurs locaux et les petits et grands artisans fran\u00e7ais.<\/p><p>Sur notre page d\u00e9di\u00e9e \u00e0 l&rsquo;actualit\u00e9 de notre enseigne \u201cA l&rsquo;Epicerie\u201d, <strong>vous trouverez toutes les nouveaut\u00e9s produits, les \u00e9v\u00e9nements \u00e0 venir et les offres \u00e9ph\u00e9m\u00e8res, promotions en cours<\/strong>.<\/p>\t\t\t\t\t\t\t\t<\/div>\n\t\t\t\t<\/div>\n\t\t\t\t\t<\/div>\n\t\t<\/div>\n\t\t\t\t<div class=\"elementor-column elementor-col-50 elementor-inner-column elementor-element elementor-element-376b3de\" data-id=\"376b3de\" data-element_type=\"column\" data-e-type=\"column\">\n\t\t\t<div class=\"elementor-widget-wrap elementor-element-populated\">\n\t\t\t\t\t\t<div class=\"elementor-element elementor-element-496cbe4 elementor-widget elementor-widget-text-editor\" data-id=\"496cbe4\" data-element_type=\"widget\" data-e-type=\"widget\" data-widget_type=\"text-editor.default\">\n\t\t\t\t<div class=\"elementor-widget-container\">\n\t\t\t\t\t\t\t\t\t<p>Nous aimons partager notre passion pour la nourriture de qualit\u00e9 avec <strong>notre communaut\u00e9, nos clients de passage ou r\u00e9sidents des h\u00f4tels<\/strong> Collection Atypio H\u00f4tels Resorts, et esp\u00e9rons vous voir bient\u00f4t \u00e0 nos tables et en boutique pour d\u00e9couvrir nos produits et cuisine du terroir.<br \/>N&rsquo;oubliez pas de nous suivre sur les r\u00e9seaux sociaux pour ne rien manquer de notre actualit\u00e9 et pour \u00e9changer avec nous sur vos recettes de notre cuisine et produits pr\u00e9f\u00e9r\u00e9s. Nous sommes pr\u00e9sents sur notre compte Facebook, Instagram (avec nos 17 tables) et sur LinkedIn et Youtube (comptes d\u2019Atypio H\u00f4tels Resorts) et serions ravis de vous compter parmi notre communaut\u00e9 en ligne.<\/p><p><strong>Suivez-nous avec le hastag #alepicerie !<\/strong><\/p>\t\t\t\t\t\t\t\t<\/div>\n\t\t\t\t<\/div>\n\t\t\t\t\t<\/div>\n\t\t<\/div>\n\t\t\t\t\t<\/div>\n\t\t<\/section>\n\t\t\t\t<div class=\"elementor-element elementor-element-18dff2c elementor-widget__width-auto elementor-absolute elementor-invisible elementor-widget elementor-widget-image\" data-id=\"18dff2c\" data-element_type=\"widget\" data-e-type=\"widget\" data-settings=\"{&quot;motion_fx_motion_fx_scrolling&quot;:&quot;yes&quot;,&quot;motion_fx_translateY_effect&quot;:&quot;yes&quot;,&quot;motion_fx_translateY_direction&quot;:&quot;negative&quot;,&quot;motion_fx_translateY_speed&quot;:{&quot;unit&quot;:&quot;px&quot;,&quot;size&quot;:2,&quot;sizes&quot;:[]},&quot;_animation&quot;:&quot;fadeIn&quot;,&quot;_position&quot;:&quot;absolute&quot;,&quot;motion_fx_translateY_affectedRange&quot;:{&quot;unit&quot;:&quot;%&quot;,&quot;size&quot;:&quot;&quot;,&quot;sizes&quot;:{&quot;start&quot;:0,&quot;end&quot;:100}},&quot;motion_fx_devices&quot;:[&quot;desktop&quot;,&quot;tablet&quot;,&quot;mobile&quot;]}\" data-widget_type=\"image.default\">\n\t\t\t\t<div class=\"elementor-widget-container\">\n\t\t\t\t\t\t\t\t\t\t\t\t\t\t\t<img decoding=\"async\" width=\"1024\" height=\"1024\" src=\"https:\/\/www.a-lepicerie.com\/wp-content\/uploads\/2021\/09\/Radish.svg\" class=\"attachment-large size-large wp-image-6691\" alt=\"\" title=\"Photo -\">\t\t\t\t\t\t\t\t\t\t\t\t\t\t\t<\/div>\n\t\t\t\t<\/div>\n\t\t\t\t\t<\/div>\n\t\t<\/div>\n\t\t\t\t\t<\/div>\n\t\t<\/section>\n\t\t\t\t<section class=\"elementor-section elementor-top-section elementor-element elementor-element-6dbbb57 elementor-section-boxed elementor-section-height-default elementor-section-height-default qodef-elementor-content-no\" data-id=\"6dbbb57\" data-element_type=\"section\" data-e-type=\"section\">\n\t\t\t\t\t\t<div class=\"elementor-container elementor-column-gap-default\">\n\t\t\t\t\t<div class=\"elementor-column elementor-col-100 elementor-top-column elementor-element elementor-element-4ee227a\" data-id=\"4ee227a\" data-element_type=\"column\" data-e-type=\"column\">\n\t\t\t<div class=\"elementor-widget-wrap elementor-element-populated\">\n\t\t\t\t\t\t<div class=\"elementor-element elementor-element-4af9e99 elementor-grid-2 actus elementor-grid-tablet-2 elementor-grid-mobile-1 elementor-posts--thumbnail-top elementor-widget elementor-widget-posts\" data-id=\"4af9e99\" data-element_type=\"widget\" data-e-type=\"widget\" data-settings=\"{&quot;classic_columns&quot;:&quot;2&quot;,&quot;pagination_type&quot;:&quot;prev_next&quot;,&quot;classic_columns_tablet&quot;:&quot;2&quot;,&quot;classic_columns_mobile&quot;:&quot;1&quot;,&quot;classic_row_gap&quot;:{&quot;unit&quot;:&quot;px&quot;,&quot;size&quot;:35,&quot;sizes&quot;:[]},&quot;classic_row_gap_tablet&quot;:{&quot;unit&quot;:&quot;px&quot;,&quot;size&quot;:&quot;&quot;,&quot;sizes&quot;:[]},&quot;classic_row_gap_mobile&quot;:{&quot;unit&quot;:&quot;px&quot;,&quot;size&quot;:&quot;&quot;,&quot;sizes&quot;:[]}}\" data-widget_type=\"posts.classic\">\n\t\t\t\t<div class=\"elementor-widget-container\">\n\t\t\t\t\t\t\t<div class=\"elementor-posts-container elementor-posts elementor-posts--skin-classic elementor-grid\">\n\t\t\t\t<article class=\"elementor-post elementor-grid-item post-11047 post type-post status-publish format-standard has-post-thumbnail hentry category-non-classe\">\n\t\t\t\t<a class=\"elementor-post__thumbnail__link\" href=\"https:\/\/www.a-lepicerie.com\/en\/menu-saint-valentin-a-lepicerie\/\" tabindex=\"-1\" >\n\t\t\t<div class=\"elementor-post__thumbnail\"><img decoding=\"async\" width=\"650\" height=\"650\" src=\"https:\/\/www.a-lepicerie.com\/wp-content\/uploads\/2025\/01\/Filet-bar-pesto-de-noix-Viennois-de-topinambour_StValentin25_Web-2-650x650.jpg\" class=\"attachment-drew_core_image_size_square size-drew_core_image_size_square wp-image-11073\" alt=\"\" title=\"Photo -\" srcset=\"https:\/\/www.a-lepicerie.com\/wp-content\/uploads\/2025\/01\/Filet-bar-pesto-de-noix-Viennois-de-topinambour_StValentin25_Web-2-650x650.jpg 650w, https:\/\/www.a-lepicerie.com\/wp-content\/uploads\/2025\/01\/Filet-bar-pesto-de-noix-Viennois-de-topinambour_StValentin25_Web-2-150x150.jpg 150w\" sizes=\"(max-width: 650px) 100vw, 650px\" \/><\/div>\n\t\t<\/a>\n\t\t\t\t<div class=\"elementor-post__text\">\n\t\t\t\t<h2 class=\"elementor-post__title\">\n\t\t\t<a href=\"https:\/\/www.a-lepicerie.com\/en\/menu-saint-valentin-a-lepicerie\/\" >\n\t\t\t\tMenus de Saint-Valentin 2025 \u00ab A l\u2019Epicerie \u00bb : Exp\u00e9riences Romantiques proche de Paris et en Normandie\t\t\t<\/a>\n\t\t<\/h2>\n\t\t\n\t\t<a class=\"elementor-post__read-more\" href=\"https:\/\/www.a-lepicerie.com\/en\/menu-saint-valentin-a-lepicerie\/\" aria-label=\"Read more about Menus de Saint-Valentin 2025 \u00ab A l\u2019Epicerie \u00bb : Exp\u00e9riences Romantiques proche de Paris et en Normandie\" tabindex=\"-1\" >\n\t\t\tLire la suite\t\t<\/a>\n\n\t\t\t\t<\/div>\n\t\t\t\t<\/article>\n\t\t\t\t<article class=\"elementor-post elementor-grid-item post-11020 post type-post status-publish format-standard has-post-thumbnail hentry category-non-classe\">\n\t\t\t\t<a class=\"elementor-post__thumbnail__link\" href=\"https:\/\/www.a-lepicerie.com\/en\/louverture-recente-du-restaurant-a-lepicerie-de-fontainebleau\/\" tabindex=\"-1\" >\n\t\t\t<div class=\"elementor-post__thumbnail\"><img loading=\"lazy\" decoding=\"async\" width=\"650\" height=\"650\" src=\"https:\/\/www.a-lepicerie.com\/wp-content\/uploads\/2024\/12\/A-lEpicerie-Fontainebleau-Tapisserie-salle-3-650x650.jpg\" class=\"attachment-drew_core_image_size_square size-drew_core_image_size_square wp-image-11025\" alt=\"\" title=\"Photo -\" srcset=\"https:\/\/www.a-lepicerie.com\/wp-content\/uploads\/2024\/12\/A-lEpicerie-Fontainebleau-Tapisserie-salle-3-650x650.jpg 650w, https:\/\/www.a-lepicerie.com\/wp-content\/uploads\/2024\/12\/A-lEpicerie-Fontainebleau-Tapisserie-salle-3-150x150.jpg 150w\" sizes=\"(max-width: 650px) 100vw, 650px\" \/><\/div>\n\t\t<\/a>\n\t\t\t\t<div class=\"elementor-post__text\">\n\t\t\t\t<h2 class=\"elementor-post__title\">\n\t\t\t<a href=\"https:\/\/www.a-lepicerie.com\/en\/louverture-recente-du-restaurant-a-lepicerie-de-fontainebleau\/\" >\n\t\t\t\tL\u2019ouverture r\u00e9cente du restaurant \u00ab\u00a0A L\u2019Epicerie\u00a0\u00bb de Fontainebleau\t\t\t<\/a>\n\t\t<\/h2>\n\t\t\n\t\t<a class=\"elementor-post__read-more\" href=\"https:\/\/www.a-lepicerie.com\/en\/louverture-recente-du-restaurant-a-lepicerie-de-fontainebleau\/\" aria-label=\"Read more about L\u2019ouverture r\u00e9cente du restaurant \u00ab\u00a0A L\u2019Epicerie\u00a0\u00bb de Fontainebleau\" tabindex=\"-1\" >\n\t\t\tLire la suite\t\t<\/a>\n\n\t\t\t\t<\/div>\n\t\t\t\t<\/article>\n\t\t\t\t<article class=\"elementor-post elementor-grid-item post-10987 post type-post status-publish format-standard has-post-thumbnail hentry category-non-classe\">\n\t\t\t\t<a class=\"elementor-post__thumbnail__link\" href=\"https:\/\/www.a-lepicerie.com\/en\/menus-de-nouvel-an-2025-a-lepicerie-restaurants-proche-paris-tours-normandie\/\" tabindex=\"-1\" >\n\t\t\t<div class=\"elementor-post__thumbnail\"><img loading=\"lazy\" decoding=\"async\" width=\"650\" height=\"650\" src=\"https:\/\/www.a-lepicerie.com\/wp-content\/uploads\/2024\/11\/DSCF4620-650x650.jpg\" class=\"attachment-drew_core_image_size_square size-drew_core_image_size_square wp-image-10992\" alt=\"\" title=\"Photo -\" srcset=\"https:\/\/www.a-lepicerie.com\/wp-content\/uploads\/2024\/11\/DSCF4620-650x650.jpg 650w, https:\/\/www.a-lepicerie.com\/wp-content\/uploads\/2024\/11\/DSCF4620-150x150.jpg 150w, https:\/\/www.a-lepicerie.com\/wp-content\/uploads\/2024\/11\/DSCF4620-1300x1300.jpg 1300w\" sizes=\"(max-width: 650px) 100vw, 650px\" \/><\/div>\n\t\t<\/a>\n\t\t\t\t<div class=\"elementor-post__text\">\n\t\t\t\t<h2 class=\"elementor-post__title\">\n\t\t\t<a href=\"https:\/\/www.a-lepicerie.com\/en\/menus-de-nouvel-an-2025-a-lepicerie-restaurants-proche-paris-tours-normandie\/\" >\n\t\t\t\tMenus de Nouvel An 2025 \u00ab A l\u2019Epicerie \u00bb : Exp\u00e9riences Festives proche de Paris, de Tours et en Normandie\t\t\t<\/a>\n\t\t<\/h2>\n\t\t\n\t\t<a class=\"elementor-post__read-more\" href=\"https:\/\/www.a-lepicerie.com\/en\/menus-de-nouvel-an-2025-a-lepicerie-restaurants-proche-paris-tours-normandie\/\" aria-label=\"Read more about Menus de Nouvel An 2025 \u00ab A l\u2019Epicerie \u00bb : Exp\u00e9riences Festives proche de Paris, de Tours et en Normandie\" tabindex=\"-1\" >\n\t\t\tLire la suite\t\t<\/a>\n\n\t\t\t\t<\/div>\n\t\t\t\t<\/article>\n\t\t\t\t<article class=\"elementor-post elementor-grid-item post-10954 post type-post status-publish format-standard has-post-thumbnail hentry category-non-classe\">\n\t\t\t\t<a class=\"elementor-post__thumbnail__link\" href=\"https:\/\/www.a-lepicerie.com\/en\/a-lepicerie-rouen-acheve-sa-renovation\/\" tabindex=\"-1\" >\n\t\t\t<div class=\"elementor-post__thumbnail\"><img loading=\"lazy\" decoding=\"async\" width=\"650\" height=\"650\" src=\"https:\/\/www.a-lepicerie.com\/wp-content\/uploads\/2024\/10\/A-lEpicerie-Rouen-Salle-table-dhote-4-650x650.jpg\" class=\"attachment-drew_core_image_size_square size-drew_core_image_size_square wp-image-10956\" alt=\"\" title=\"Photo -\" srcset=\"https:\/\/www.a-lepicerie.com\/wp-content\/uploads\/2024\/10\/A-lEpicerie-Rouen-Salle-table-dhote-4-650x650.jpg 650w, https:\/\/www.a-lepicerie.com\/wp-content\/uploads\/2024\/10\/A-lEpicerie-Rouen-Salle-table-dhote-4-150x150.jpg 150w\" sizes=\"(max-width: 650px) 100vw, 650px\" \/><\/div>\n\t\t<\/a>\n\t\t\t\t<div class=\"elementor-post__text\">\n\t\t\t\t<h2 class=\"elementor-post__title\">\n\t\t\t<a href=\"https:\/\/www.a-lepicerie.com\/en\/a-lepicerie-rouen-acheve-sa-renovation\/\" >\n\t\t\t\tNotre restaurant \u00ab A l\u2019Epicerie \u00bb \u00e0 Rouen ach\u00e8ve sa r\u00e9novation !\t\t\t<\/a>\n\t\t<\/h2>\n\t\t\n\t\t<a class=\"elementor-post__read-more\" href=\"https:\/\/www.a-lepicerie.com\/en\/a-lepicerie-rouen-acheve-sa-renovation\/\" aria-label=\"Read more about Notre restaurant \u00ab A l\u2019Epicerie \u00bb \u00e0 Rouen ach\u00e8ve sa r\u00e9novation !\" tabindex=\"-1\" >\n\t\t\tLire la suite\t\t<\/a>\n\n\t\t\t\t<\/div>\n\t\t\t\t<\/article>\n\t\t\t\t<article class=\"elementor-post elementor-grid-item post-10930 post type-post status-publish format-standard has-post-thumbnail hentry category-non-classe\">\n\t\t\t\t<a class=\"elementor-post__thumbnail__link\" href=\"https:\/\/www.a-lepicerie.com\/en\/les-restaurants-a-lepicerie-participent-a-la-cheese-wine-week-2024\/\" tabindex=\"-1\" >\n\t\t\t<div class=\"elementor-post__thumbnail\"><img loading=\"lazy\" decoding=\"async\" width=\"650\" height=\"650\" src=\"https:\/\/www.a-lepicerie.com\/wp-content\/uploads\/2024\/10\/Plateau-de-fromages-Ah22-2-650x650.jpg\" class=\"attachment-drew_core_image_size_square size-drew_core_image_size_square wp-image-10932\" alt=\"\" title=\"Photo -\" srcset=\"https:\/\/www.a-lepicerie.com\/wp-content\/uploads\/2024\/10\/Plateau-de-fromages-Ah22-2-650x650.jpg 650w, https:\/\/www.a-lepicerie.com\/wp-content\/uploads\/2024\/10\/Plateau-de-fromages-Ah22-2-150x150.jpg 150w, https:\/\/www.a-lepicerie.com\/wp-content\/uploads\/2024\/10\/Plateau-de-fromages-Ah22-2-1300x1300.jpg 1300w\" sizes=\"(max-width: 650px) 100vw, 650px\" \/><\/div>\n\t\t<\/a>\n\t\t\t\t<div class=\"elementor-post__text\">\n\t\t\t\t<h2 class=\"elementor-post__title\">\n\t\t\t<a href=\"https:\/\/www.a-lepicerie.com\/en\/les-restaurants-a-lepicerie-participent-a-la-cheese-wine-week-2024\/\" >\n\t\t\t\tLes Restaurants \u201cA l\u2019Epicerie\u201d sont enchant\u00e9s de participer \u00e0 la Cheese &#038; Wine Week 2024, qui aura lieu du 4 au 11 novembre prochain.\t\t\t<\/a>\n\t\t<\/h2>\n\t\t\n\t\t<a class=\"elementor-post__read-more\" href=\"https:\/\/www.a-lepicerie.com\/en\/les-restaurants-a-lepicerie-participent-a-la-cheese-wine-week-2024\/\" aria-label=\"Read more about Les Restaurants \u201cA l\u2019Epicerie\u201d sont enchant\u00e9s de participer \u00e0 la Cheese &#038; Wine Week 2024, qui aura lieu du 4 au 11 novembre prochain.\" tabindex=\"-1\" >\n\t\t\tLire la suite\t\t<\/a>\n\n\t\t\t\t<\/div>\n\t\t\t\t<\/article>\n\t\t\t\t<article class=\"elementor-post elementor-grid-item post-10776 post type-post status-publish format-standard has-post-thumbnail hentry category-non-classe\">\n\t\t\t\t<a class=\"elementor-post__thumbnail__link\" href=\"https:\/\/www.a-lepicerie.com\/en\/a-lepicerie-restaurants-dorenavant-7-fermes-urbaines-implantees-sur-6-regions-francaises\/\" tabindex=\"-1\" >\n\t\t\t<div class=\"elementor-post__thumbnail\"><img loading=\"lazy\" decoding=\"async\" width=\"650\" height=\"650\" src=\"https:\/\/www.a-lepicerie.com\/wp-content\/uploads\/2024\/07\/Ferme-urbaine-Chartres-650x650.jpg\" class=\"attachment-drew_core_image_size_square size-drew_core_image_size_square wp-image-10778\" alt=\"\" title=\"Photo -\" srcset=\"https:\/\/www.a-lepicerie.com\/wp-content\/uploads\/2024\/07\/Ferme-urbaine-Chartres-650x650.jpg 650w, https:\/\/www.a-lepicerie.com\/wp-content\/uploads\/2024\/07\/Ferme-urbaine-Chartres-150x150.jpg 150w\" sizes=\"(max-width: 650px) 100vw, 650px\" \/><\/div>\n\t\t<\/a>\n\t\t\t\t<div class=\"elementor-post__text\">\n\t\t\t\t<h2 class=\"elementor-post__title\">\n\t\t\t<a href=\"https:\/\/www.a-lepicerie.com\/en\/a-lepicerie-restaurants-dorenavant-7-fermes-urbaines-implantees-sur-6-regions-francaises\/\" >\n\t\t\t\t\u00ab\u00a0A l&rsquo;Epicerie\u00a0\u00bb Restaurants, dor\u00e9navant 7 fermes urbaines implant\u00e9es sur 6 r\u00e9gions fran\u00e7aises\t\t\t<\/a>\n\t\t<\/h2>\n\t\t\n\t\t<a class=\"elementor-post__read-more\" href=\"https:\/\/www.a-lepicerie.com\/en\/a-lepicerie-restaurants-dorenavant-7-fermes-urbaines-implantees-sur-6-regions-francaises\/\" aria-label=\"Read more about \u00ab\u00a0A l&rsquo;Epicerie\u00a0\u00bb Restaurants, dor\u00e9navant 7 fermes urbaines implant\u00e9es sur 6 r\u00e9gions fran\u00e7aises\" tabindex=\"-1\" >\n\t\t\tLire la suite\t\t<\/a>\n\n\t\t\t\t<\/div>\n\t\t\t\t<\/article>\n\t\t\t\t<\/div>\n\t\t\n\t\t\t\t<div class=\"e-load-more-anchor\" data-page=\"1\" data-max-page=\"3\" data-next-page=\"https:\/\/www.a-lepicerie.com\/en\/wp-json\/wp\/v2\/pages\/7005\/page\/2\/\"><\/div>\n\t\t\t\t<nav class=\"elementor-pagination\" aria-label=\"Pagination\">\n\t\t\t<span class=\"page-numbers prev\">&laquo; Pr\u00e9c\u00e9dent<\/span>\n<a class=\"page-numbers next\" href=\"https:\/\/www.a-lepicerie.com\/en\/wp-json\/wp\/v2\/pages\/7005\/page\/2\/\">Suivant &raquo;<\/a>\t\t<\/nav>\n\t\t\t\t\t\t<\/div>\n\t\t\t\t<\/div>\n\t\t\t\t\t<\/div>\n\t\t<\/div>\n\t\t\t\t\t<\/div>\n\t\t<\/section>\n\t\t\t\t<\/div>\n\t\t","protected":false},"excerpt":{"rendered":"<p>News Follow our news Want to know more? Find out more about \"A L'Epicerie\" on this page.  Our \"A l'Epicerie\" chain was founded in 2021,<\/p>","protected":false},"author":9,"featured_media":0,"parent":0,"menu_order":0,"comment_status":"closed","ping_status":"closed","template":"","meta":{"inline_featured_image":false,"footnotes":""},"class_list":["post-7005","page","type-page","status-publish","hentry"],"_links":{"self":[{"href":"https:\/\/www.a-lepicerie.com\/en\/wp-json\/wp\/v2\/pages\/7005","targetHints":{"allow":["GET"]}}],"collection":[{"href":"https:\/\/www.a-lepicerie.com\/en\/wp-json\/wp\/v2\/pages"}],"about":[{"href":"https:\/\/www.a-lepicerie.com\/en\/wp-json\/wp\/v2\/types\/page"}],"author":[{"embeddable":true,"href":"https:\/\/www.a-lepicerie.com\/en\/wp-json\/wp\/v2\/users\/9"}],"replies":[{"embeddable":true,"href":"https:\/\/www.a-lepicerie.com\/en\/wp-json\/wp\/v2\/comments?post=7005"}],"version-history":[{"count":69,"href":"https:\/\/www.a-lepicerie.com\/en\/wp-json\/wp\/v2\/pages\/7005\/revisions"}],"predecessor-version":[{"id":9852,"href":"https:\/\/www.a-lepicerie.com\/en\/wp-json\/wp\/v2\/pages\/7005\/revisions\/9852"}],"wp:attachment":[{"href":"https:\/\/www.a-lepicerie.com\/en\/wp-json\/wp\/v2\/media?parent=7005"}],"curies":[{"name":"wp","href":"https:\/\/api.w.org\/{rel}","templated":true}]}}