{"id":7355,"date":"2021-09-24T10:42:56","date_gmt":"2021-09-24T08:42:56","guid":{"rendered":"https:\/\/www.a-lepicerie.com\/?page_id=7355"},"modified":"2025-09-22T18:43:54","modified_gmt":"2025-09-22T16:43:54","slug":"revenue","status":"publish","type":"page","link":"https:\/\/www.a-lepicerie.com\/en\/recettes\/","title":{"rendered":"Recipes"},"content":{"rendered":"\t\t<div data-elementor-type=\"wp-page\" data-elementor-id=\"7355\" class=\"elementor elementor-7355\" data-elementor-post-type=\"page\">\n\t\t\t\t\t\t<section class=\"elementor-section elementor-top-section elementor-element elementor-element-49921abc elementor-section-height-min-height elementor-section-boxed elementor-section-height-default elementor-section-items-middle qodef-elementor-content-no\" data-id=\"49921abc\" data-element_type=\"section\" data-e-type=\"section\" data-settings=\"{&quot;background_background&quot;:&quot;classic&quot;}\">\n\t\t\t\t\t\t<div class=\"elementor-container elementor-column-gap-default\">\n\t\t\t\t\t<div class=\"elementor-column elementor-col-100 elementor-top-column elementor-element elementor-element-271b80f\" data-id=\"271b80f\" data-element_type=\"column\" data-e-type=\"column\">\n\t\t\t<div class=\"elementor-widget-wrap elementor-element-populated\">\n\t\t\t\t\t\t<div class=\"elementor-element elementor-element-61d9f78e elementor-widget elementor-widget-heading\" data-id=\"61d9f78e\" data-element_type=\"widget\" data-e-type=\"widget\" data-widget_type=\"heading.default\">\n\t\t\t\t<div class=\"elementor-widget-container\">\n\t\t\t\t\t<h1 class=\"elementor-heading-title elementor-size-default\">Recettes<\/h1>\t\t\t\t<\/div>\n\t\t\t\t<\/div>\n\t\t\t\t<div class=\"elementor-element elementor-element-aeb55f2 elementor-widget__width-auto elementor-absolute elementor-invisible elementor-widget elementor-widget-image\" data-id=\"aeb55f2\" data-element_type=\"widget\" data-e-type=\"widget\" data-settings=\"{&quot;motion_fx_motion_fx_scrolling&quot;:&quot;yes&quot;,&quot;motion_fx_translateY_effect&quot;:&quot;yes&quot;,&quot;motion_fx_translateY_speed&quot;:{&quot;unit&quot;:&quot;px&quot;,&quot;size&quot;:2,&quot;sizes&quot;:[]},&quot;_animation&quot;:&quot;fadeIn&quot;,&quot;_position&quot;:&quot;absolute&quot;,&quot;motion_fx_translateY_affectedRange&quot;:{&quot;unit&quot;:&quot;%&quot;,&quot;size&quot;:&quot;&quot;,&quot;sizes&quot;:{&quot;start&quot;:0,&quot;end&quot;:100}},&quot;motion_fx_devices&quot;:[&quot;desktop&quot;,&quot;tablet&quot;,&quot;mobile&quot;]}\" data-widget_type=\"image.default\">\n\t\t\t\t<div class=\"elementor-widget-container\">\n\t\t\t\t\t\t\t\t\t\t\t\t\t\t\t<img decoding=\"async\" width=\"195\" height=\"99\" src=\"https:\/\/www.a-lepicerie.com\/wp-content\/uploads\/2021\/04\/h1-client-img-5.png\" class=\"attachment-large size-large wp-image-1202\" alt=\"e\" srcset=\"https:\/\/www.a-lepicerie.com\/wp-content\/uploads\/2021\/04\/h1-client-img-5.png 195w, https:\/\/www.a-lepicerie.com\/wp-content\/uploads\/2021\/04\/h1-client-img-5-18x9.png 18w\" sizes=\"(max-width: 195px) 100vw, 195px\" title=\"Photo -\">\t\t\t\t\t\t\t\t\t\t\t\t\t\t\t<\/div>\n\t\t\t\t<\/div>\n\t\t\t\t\t<\/div>\n\t\t<\/div>\n\t\t\t\t\t<\/div>\n\t\t<\/section>\n\t\t\t\t<section class=\"elementor-section elementor-top-section elementor-element elementor-element-14b8f39 qodef-elementor-content-grid elementor-section-boxed elementor-section-height-default elementor-section-height-default\" data-id=\"14b8f39\" data-element_type=\"section\" data-e-type=\"section\" data-settings=\"{&quot;background_background&quot;:&quot;classic&quot;}\">\n\t\t\t\t\t\t\t<div class=\"elementor-background-overlay\"><\/div>\n\t\t\t\t\t\t\t<div class=\"elementor-container elementor-column-gap-default\">\n\t\t\t\t\t<div class=\"elementor-column elementor-col-100 elementor-top-column elementor-element elementor-element-5b1ee59\" data-id=\"5b1ee59\" data-element_type=\"column\" data-e-type=\"column\">\n\t\t\t<div class=\"elementor-widget-wrap elementor-element-populated\">\n\t\t\t\t\t\t<div class=\"elementor-element elementor-element-43c9881 elementor-widget elementor-widget-heading\" data-id=\"43c9881\" data-element_type=\"widget\" data-e-type=\"widget\" data-widget_type=\"heading.default\">\n\t\t\t\t<div class=\"elementor-widget-container\">\n\t\t\t\t\t<h2 class=\"elementor-heading-title elementor-size-default\">Nos recettes de cuisine du terroir<\/h2>\t\t\t\t<\/div>\n\t\t\t\t<\/div>\n\t\t\t\t<section class=\"elementor-section elementor-inner-section elementor-element elementor-element-7b9a98c elementor-section-boxed elementor-section-height-default elementor-section-height-default qodef-elementor-content-no\" data-id=\"7b9a98c\" data-element_type=\"section\" data-e-type=\"section\">\n\t\t\t\t\t\t<div class=\"elementor-container elementor-column-gap-default\">\n\t\t\t\t\t<div class=\"elementor-column elementor-col-50 elementor-inner-column elementor-element elementor-element-96fa255\" data-id=\"96fa255\" data-element_type=\"column\" data-e-type=\"column\">\n\t\t\t<div class=\"elementor-widget-wrap elementor-element-populated\">\n\t\t\t\t\t\t<div class=\"elementor-element elementor-element-bb4adca elementor-widget elementor-widget-text-editor\" data-id=\"bb4adca\" data-element_type=\"widget\" data-e-type=\"widget\" data-widget_type=\"text-editor.default\">\n\t\t\t\t<div class=\"elementor-widget-container\">\n\t\t\t\t\t\t\t\t\t<p>Cuisini\u00e8re, cuisinier, expert, d\u00e9butant, gourmet, gourmand, les recettes \u00ab\u00a0A l&rsquo;Epicerie\u00a0\u00bb, partag\u00e9es dans ces pages, vous sont accessibles, quel que soit votre niveau.\u00a0<\/p><p>Pour une bistronomie au plus proche de la nature, par ici.<\/p><p>Etape 1, acheter les produits artisanaux de nos recettes dans nos lin\u00e9aires boutiques \u00ab\u00a0A l&rsquo;Epicerie\u00a0\u00bb. Etape 2, suivez le pas \u00e0 pas de la recette \u00ab\u00a0A l&rsquo;Epicerie\u00a0\u00bb qui vous fait envie.<\/p>\t\t\t\t\t\t\t\t<\/div>\n\t\t\t\t<\/div>\n\t\t\t\t\t<\/div>\n\t\t<\/div>\n\t\t\t\t<div class=\"elementor-column elementor-col-50 elementor-inner-column elementor-element elementor-element-9bd54b6\" data-id=\"9bd54b6\" data-element_type=\"column\" data-e-type=\"column\">\n\t\t\t<div class=\"elementor-widget-wrap elementor-element-populated\">\n\t\t\t\t\t\t<div class=\"elementor-element elementor-element-932cb76 elementor-widget elementor-widget-text-editor\" data-id=\"932cb76\" data-element_type=\"widget\" data-e-type=\"widget\" data-widget_type=\"text-editor.default\">\n\t\t\t\t<div class=\"elementor-widget-container\">\n\t\t\t\t\t\t\t\t\t<p><span style=\"color: var( --e-global-color-text ); font-family: var( --e-global-typography-text-font-family ), Sans-serif; font-weight: var( --e-global-typography-text-font-weight );\">Vous avez aim\u00e9 les assiettes gourmandes de nos chefs \u00ab\u00a0A l&rsquo;Epicerie\u00a0\u00bb, v\u00e9g\u00e9tariennes, sans gluten, leurs petits plats \u00e0 partager, leurs planches ap\u00e9ritives, leurs recettes \u00e0 base de poisson, fromage, ou viande, retrouvez ici certaines des recettes de nos tables \u00ab\u00a0A l&rsquo;Epicerie\u00a0\u00bb qui vont vous permettre de surprendre et faire plaisir \u00e0 vos proches, \u00e0 leurs papilles.&nbsp;<\/span><\/p><p><span style=\"color: var( --e-global-color-text ); font-family: var( --e-global-typography-text-font-family ), Sans-serif; font-weight: var( --e-global-typography-text-font-weight );\">Alors aux fourneaux ! Bonne cuisine et bon app\u00e9tit \u00e0 vous !<\/span><\/p>\t\t\t\t\t\t\t\t<\/div>\n\t\t\t\t<\/div>\n\t\t\t\t\t<\/div>\n\t\t<\/div>\n\t\t\t\t\t<\/div>\n\t\t<\/section>\n\t\t\t\t<div class=\"elementor-element elementor-element-76d4eef elementor-widget__width-auto elementor-absolute elementor-invisible elementor-widget elementor-widget-image\" data-id=\"76d4eef\" data-element_type=\"widget\" data-e-type=\"widget\" data-settings=\"{&quot;motion_fx_motion_fx_scrolling&quot;:&quot;yes&quot;,&quot;motion_fx_translateY_effect&quot;:&quot;yes&quot;,&quot;motion_fx_translateY_direction&quot;:&quot;negative&quot;,&quot;motion_fx_translateY_speed&quot;:{&quot;unit&quot;:&quot;px&quot;,&quot;size&quot;:2,&quot;sizes&quot;:[]},&quot;_animation&quot;:&quot;fadeIn&quot;,&quot;_position&quot;:&quot;absolute&quot;,&quot;motion_fx_translateY_affectedRange&quot;:{&quot;unit&quot;:&quot;%&quot;,&quot;size&quot;:&quot;&quot;,&quot;sizes&quot;:{&quot;start&quot;:0,&quot;end&quot;:100}},&quot;motion_fx_devices&quot;:[&quot;desktop&quot;,&quot;tablet&quot;,&quot;mobile&quot;]}\" data-widget_type=\"image.default\">\n\t\t\t\t<div class=\"elementor-widget-container\">\n\t\t\t\t\t\t\t\t\t\t\t\t\t\t\t<img decoding=\"async\" width=\"195\" height=\"99\" src=\"https:\/\/www.a-lepicerie.com\/wp-content\/uploads\/2021\/04\/h1-client-img-1-hover.png\" class=\"attachment-large size-large wp-image-1195\" alt=\"g\" srcset=\"https:\/\/www.a-lepicerie.com\/wp-content\/uploads\/2021\/04\/h1-client-img-1-hover.png 195w, https:\/\/www.a-lepicerie.com\/wp-content\/uploads\/2021\/04\/h1-client-img-1-hover-18x9.png 18w\" sizes=\"(max-width: 195px) 100vw, 195px\" title=\"Photo -\">\t\t\t\t\t\t\t\t\t\t\t\t\t\t\t<\/div>\n\t\t\t\t<\/div>\n\t\t\t\t<div class=\"elementor-element elementor-element-d46d4e6 elementor-widget__width-auto elementor-absolute elementor-invisible elementor-widget elementor-widget-image\" data-id=\"d46d4e6\" data-element_type=\"widget\" data-e-type=\"widget\" data-settings=\"{&quot;motion_fx_motion_fx_scrolling&quot;:&quot;yes&quot;,&quot;motion_fx_translateY_effect&quot;:&quot;yes&quot;,&quot;motion_fx_translateY_speed&quot;:{&quot;unit&quot;:&quot;px&quot;,&quot;size&quot;:2,&quot;sizes&quot;:[]},&quot;_animation&quot;:&quot;fadeIn&quot;,&quot;_position&quot;:&quot;absolute&quot;,&quot;motion_fx_translateY_affectedRange&quot;:{&quot;unit&quot;:&quot;%&quot;,&quot;size&quot;:&quot;&quot;,&quot;sizes&quot;:{&quot;start&quot;:0,&quot;end&quot;:100}},&quot;motion_fx_devices&quot;:[&quot;desktop&quot;,&quot;tablet&quot;,&quot;mobile&quot;]}\" data-widget_type=\"image.default\">\n\t\t\t\t<div class=\"elementor-widget-container\">\n\t\t\t\t\t\t\t\t\t\t\t\t\t\t\t<img decoding=\"async\" width=\"74\" height=\"59\" src=\"https:\/\/www.a-lepicerie.com\/wp-content\/uploads\/2021\/04\/h1-icon-3.png\" class=\"attachment-large size-large wp-image-931\" alt=\"e\" srcset=\"https:\/\/www.a-lepicerie.com\/wp-content\/uploads\/2021\/04\/h1-icon-3.png 74w, https:\/\/www.a-lepicerie.com\/wp-content\/uploads\/2021\/04\/h1-icon-3-15x12.png 15w\" sizes=\"(max-width: 74px) 100vw, 74px\" title=\"Photo -\">\t\t\t\t\t\t\t\t\t\t\t\t\t\t\t<\/div>\n\t\t\t\t<\/div>\n\t\t\t\t<div class=\"elementor-element elementor-element-b690162 elementor-widget__width-auto elementor-absolute elementor-invisible elementor-widget elementor-widget-image\" data-id=\"b690162\" data-element_type=\"widget\" data-e-type=\"widget\" data-settings=\"{&quot;motion_fx_motion_fx_scrolling&quot;:&quot;yes&quot;,&quot;motion_fx_translateY_effect&quot;:&quot;yes&quot;,&quot;motion_fx_translateY_speed&quot;:{&quot;unit&quot;:&quot;px&quot;,&quot;size&quot;:2,&quot;sizes&quot;:[]},&quot;_animation&quot;:&quot;fadeIn&quot;,&quot;_position&quot;:&quot;absolute&quot;,&quot;motion_fx_translateY_affectedRange&quot;:{&quot;unit&quot;:&quot;%&quot;,&quot;size&quot;:&quot;&quot;,&quot;sizes&quot;:{&quot;start&quot;:0,&quot;end&quot;:100}},&quot;motion_fx_devices&quot;:[&quot;desktop&quot;,&quot;tablet&quot;,&quot;mobile&quot;]}\" data-widget_type=\"image.default\">\n\t\t\t\t<div class=\"elementor-widget-container\">\n\t\t\t\t\t\t\t\t\t\t\t\t\t\t\t<img decoding=\"async\" width=\"74\" height=\"59\" src=\"https:\/\/www.a-lepicerie.com\/wp-content\/uploads\/2021\/04\/h1-icon-3.png\" class=\"attachment-large size-large wp-image-931\" alt=\"e\" srcset=\"https:\/\/www.a-lepicerie.com\/wp-content\/uploads\/2021\/04\/h1-icon-3.png 74w, https:\/\/www.a-lepicerie.com\/wp-content\/uploads\/2021\/04\/h1-icon-3-15x12.png 15w\" sizes=\"(max-width: 74px) 100vw, 74px\" title=\"Photo -\">\t\t\t\t\t\t\t\t\t\t\t\t\t\t\t<\/div>\n\t\t\t\t<\/div>\n\t\t\t\t\t<\/div>\n\t\t<\/div>\n\t\t\t\t\t<\/div>\n\t\t<\/section>\n\t\t\t\t<section class=\"elementor-section elementor-top-section elementor-element elementor-element-8e37c18 elementor-section-boxed elementor-section-height-default elementor-section-height-default qodef-elementor-content-no\" data-id=\"8e37c18\" data-element_type=\"section\" data-e-type=\"section\">\n\t\t\t\t\t\t<div class=\"elementor-container elementor-column-gap-default\">\n\t\t\t\t\t<div class=\"elementor-column elementor-col-100 elementor-top-column elementor-element elementor-element-f2adea5\" data-id=\"f2adea5\" data-element_type=\"column\" data-e-type=\"column\">\n\t\t\t<div class=\"elementor-widget-wrap elementor-element-populated\">\n\t\t\t\t\t\t<div class=\"elementor-element elementor-element-d5ca635 elementor-grid-2 actus elementor-grid-tablet-2 elementor-grid-mobile-1 elementor-posts--thumbnail-top elementor-widget elementor-widget-posts\" data-id=\"d5ca635\" data-element_type=\"widget\" data-e-type=\"widget\" data-settings=\"{&quot;classic_columns&quot;:&quot;2&quot;,&quot;pagination_type&quot;:&quot;prev_next&quot;,&quot;classic_columns_tablet&quot;:&quot;2&quot;,&quot;classic_columns_mobile&quot;:&quot;1&quot;,&quot;classic_row_gap&quot;:{&quot;unit&quot;:&quot;px&quot;,&quot;size&quot;:35,&quot;sizes&quot;:[]},&quot;classic_row_gap_tablet&quot;:{&quot;unit&quot;:&quot;px&quot;,&quot;size&quot;:&quot;&quot;,&quot;sizes&quot;:[]},&quot;classic_row_gap_mobile&quot;:{&quot;unit&quot;:&quot;px&quot;,&quot;size&quot;:&quot;&quot;,&quot;sizes&quot;:[]}}\" data-widget_type=\"posts.classic\">\n\t\t\t\t<div class=\"elementor-widget-container\">\n\t\t\t\t\t\t\t<div class=\"elementor-posts-container elementor-posts elementor-posts--skin-classic elementor-grid\">\n\t\t\t\t<article class=\"elementor-post elementor-grid-item post-11468 post type-post status-publish format-standard has-post-thumbnail hentry category-recettes\">\n\t\t\t\t<a class=\"elementor-post__thumbnail__link\" href=\"https:\/\/www.a-lepicerie.com\/en\/vacherin-vanille-marmelade-dorange-bio-une-recette-a-lepicerie\/\" tabindex=\"-1\" >\n\t\t\t<div class=\"elementor-post__thumbnail\"><img loading=\"lazy\" decoding=\"async\" width=\"650\" height=\"650\" src=\"https:\/\/www.a-lepicerie.com\/wp-content\/uploads\/2026\/02\/Visuel-site-internet-atypiic-18001200-5-650x650.jpg\" class=\"attachment-drew_core_image_size_square size-drew_core_image_size_square wp-image-11470\" alt=\"\" title=\"Photo -\" srcset=\"https:\/\/www.a-lepicerie.com\/wp-content\/uploads\/2026\/02\/Visuel-site-internet-atypiic-18001200-5-650x650.jpg 650w, https:\/\/www.a-lepicerie.com\/wp-content\/uploads\/2026\/02\/Visuel-site-internet-atypiic-18001200-5-150x150.jpg 150w\" sizes=\"(max-width: 650px) 100vw, 650px\" \/><\/div>\n\t\t<\/a>\n\t\t\t\t<div class=\"elementor-post__text\">\n\t\t\t\t<h2 class=\"elementor-post__title\">\n\t\t\t<a href=\"https:\/\/www.a-lepicerie.com\/en\/vacherin-vanille-marmelade-dorange-bio-une-recette-a-lepicerie\/\" >\n\t\t\t\tVacherin vanille, marmelade d&rsquo;orange bio, une recette \u00ab\u00a0A l&rsquo;Epicerie\u00a0\u00bb\t\t\t<\/a>\n\t\t<\/h2>\n\t\t\n\t\t<a class=\"elementor-post__read-more\" href=\"https:\/\/www.a-lepicerie.com\/en\/vacherin-vanille-marmelade-dorange-bio-une-recette-a-lepicerie\/\" aria-label=\"Read more about Vacherin vanille, marmelade d&rsquo;orange bio, une recette \u00ab\u00a0A l&rsquo;Epicerie\u00a0\u00bb\" tabindex=\"-1\" >\n\t\t\tLire la suite\t\t<\/a>\n\n\t\t\t\t<\/div>\n\t\t\t\t<\/article>\n\t\t\t\t<article class=\"elementor-post elementor-grid-item post-11279 post type-post status-publish format-standard has-post-thumbnail hentry category-recettes\">\n\t\t\t\t<a class=\"elementor-post__thumbnail__link\" href=\"https:\/\/www.a-lepicerie.com\/en\/cabillaud-a-laioli-chorizo-et-huile-dolive-une-recette-a-lepicerie-2\/\" tabindex=\"-1\" >\n\t\t\t<div class=\"elementor-post__thumbnail\"><img loading=\"lazy\" decoding=\"async\" width=\"650\" height=\"650\" src=\"https:\/\/www.a-lepicerie.com\/wp-content\/uploads\/2025\/07\/Brioche-perdue-caramel-abricot-calissons-E23-dessert-meylan-650x650.jpg\" class=\"attachment-drew_core_image_size_square size-drew_core_image_size_square wp-image-11288\" alt=\"\" title=\"Photo -\" srcset=\"https:\/\/www.a-lepicerie.com\/wp-content\/uploads\/2025\/07\/Brioche-perdue-caramel-abricot-calissons-E23-dessert-meylan-650x650.jpg 650w, https:\/\/www.a-lepicerie.com\/wp-content\/uploads\/2025\/07\/Brioche-perdue-caramel-abricot-calissons-E23-dessert-meylan-150x150.jpg 150w, https:\/\/www.a-lepicerie.com\/wp-content\/uploads\/2025\/07\/Brioche-perdue-caramel-abricot-calissons-E23-dessert-meylan-1300x1300.jpg 1300w\" sizes=\"(max-width: 650px) 100vw, 650px\" \/><\/div>\n\t\t<\/a>\n\t\t\t\t<div class=\"elementor-post__text\">\n\t\t\t\t<h2 class=\"elementor-post__title\">\n\t\t\t<a href=\"https:\/\/www.a-lepicerie.com\/en\/cabillaud-a-laioli-chorizo-et-huile-dolive-une-recette-a-lepicerie-2\/\" >\n\t\t\t\tBrioche perdue aux abricots et caramel \u00e9pic\u00e9, une recette \u00ab\u00a0A l&rsquo;Epicerie\u00a0\u00bb\t\t\t<\/a>\n\t\t<\/h2>\n\t\t\n\t\t<a class=\"elementor-post__read-more\" href=\"https:\/\/www.a-lepicerie.com\/en\/cabillaud-a-laioli-chorizo-et-huile-dolive-une-recette-a-lepicerie-2\/\" aria-label=\"Read more about Brioche perdue aux abricots et caramel \u00e9pic\u00e9, une recette \u00ab\u00a0A l&rsquo;Epicerie\u00a0\u00bb\" tabindex=\"-1\" >\n\t\t\tLire la suite\t\t<\/a>\n\n\t\t\t\t<\/div>\n\t\t\t\t<\/article>\n\t\t\t\t<article class=\"elementor-post elementor-grid-item post-11273 post type-post status-publish format-standard has-post-thumbnail hentry category-recettes\">\n\t\t\t\t<a class=\"elementor-post__thumbnail__link\" href=\"https:\/\/www.a-lepicerie.com\/en\/cabillaud-a-laioli-chorizo-et-huile-dolive-une-recette-a-lepicerie\/\" tabindex=\"-1\" >\n\t\t\t<div class=\"elementor-post__thumbnail\"><img loading=\"lazy\" decoding=\"async\" width=\"650\" height=\"650\" src=\"https:\/\/www.a-lepicerie.com\/wp-content\/uploads\/2025\/07\/Aioli-de-Cabillaud-chorizo-Aioli-doux-Tapenade-noire-Bio-E23-plat-st-germain-meylan-650x650.jpg\" class=\"attachment-drew_core_image_size_square size-drew_core_image_size_square wp-image-11278\" alt=\"\" title=\"Photo -\" srcset=\"https:\/\/www.a-lepicerie.com\/wp-content\/uploads\/2025\/07\/Aioli-de-Cabillaud-chorizo-Aioli-doux-Tapenade-noire-Bio-E23-plat-st-germain-meylan-650x650.jpg 650w, https:\/\/www.a-lepicerie.com\/wp-content\/uploads\/2025\/07\/Aioli-de-Cabillaud-chorizo-Aioli-doux-Tapenade-noire-Bio-E23-plat-st-germain-meylan-150x150.jpg 150w, https:\/\/www.a-lepicerie.com\/wp-content\/uploads\/2025\/07\/Aioli-de-Cabillaud-chorizo-Aioli-doux-Tapenade-noire-Bio-E23-plat-st-germain-meylan-1300x1300.jpg 1300w\" sizes=\"(max-width: 650px) 100vw, 650px\" \/><\/div>\n\t\t<\/a>\n\t\t\t\t<div class=\"elementor-post__text\">\n\t\t\t\t<h2 class=\"elementor-post__title\">\n\t\t\t<a href=\"https:\/\/www.a-lepicerie.com\/en\/cabillaud-a-laioli-chorizo-et-huile-dolive-une-recette-a-lepicerie\/\" >\n\t\t\t\tCabillaud \u00e0 l&rsquo;a\u00efoli, chorizo et huile d&rsquo;olive, une recette \u00ab\u00a0A l&rsquo;Epicerie\u00a0\u00bb\t\t\t<\/a>\n\t\t<\/h2>\n\t\t\n\t\t<a class=\"elementor-post__read-more\" href=\"https:\/\/www.a-lepicerie.com\/en\/cabillaud-a-laioli-chorizo-et-huile-dolive-une-recette-a-lepicerie\/\" aria-label=\"Read more about Cabillaud \u00e0 l&rsquo;a\u00efoli, chorizo et huile d&rsquo;olive, une recette \u00ab\u00a0A l&rsquo;Epicerie\u00a0\u00bb\" tabindex=\"-1\" >\n\t\t\tLire la suite\t\t<\/a>\n\n\t\t\t\t<\/div>\n\t\t\t\t<\/article>\n\t\t\t\t<article class=\"elementor-post elementor-grid-item post-10860 post type-post status-publish format-standard has-post-thumbnail hentry category-recettes\">\n\t\t\t\t<a class=\"elementor-post__thumbnail__link\" href=\"https:\/\/www.a-lepicerie.com\/en\/pave-de-saumon-panisse-et-puree-de-celeri-un-plat-a-lepicerie\/\" tabindex=\"-1\" >\n\t\t\t<div class=\"elementor-post__thumbnail\"><img loading=\"lazy\" decoding=\"async\" width=\"650\" height=\"650\" src=\"https:\/\/www.a-lepicerie.com\/wp-content\/uploads\/2024\/09\/Pave-de-saumon-AH23-plat-rouen-650x650.jpg\" class=\"attachment-drew_core_image_size_square size-drew_core_image_size_square wp-image-10862\" alt=\"\" title=\"Photo -\" srcset=\"https:\/\/www.a-lepicerie.com\/wp-content\/uploads\/2024\/09\/Pave-de-saumon-AH23-plat-rouen-650x650.jpg 650w, https:\/\/www.a-lepicerie.com\/wp-content\/uploads\/2024\/09\/Pave-de-saumon-AH23-plat-rouen-150x150.jpg 150w, https:\/\/www.a-lepicerie.com\/wp-content\/uploads\/2024\/09\/Pave-de-saumon-AH23-plat-rouen-1300x1300.jpg 1300w\" sizes=\"(max-width: 650px) 100vw, 650px\" \/><\/div>\n\t\t<\/a>\n\t\t\t\t<div class=\"elementor-post__text\">\n\t\t\t\t<h2 class=\"elementor-post__title\">\n\t\t\t<a href=\"https:\/\/www.a-lepicerie.com\/en\/pave-de-saumon-panisse-et-puree-de-celeri-un-plat-a-lepicerie\/\" >\n\t\t\t\tPav\u00e9 de saumon, panisse et pur\u00e9e de c\u00e9leri un plat \u00ab\u00a0A l&rsquo;Epicerie\u00a0\u00bb\t\t\t<\/a>\n\t\t<\/h2>\n\t\t\n\t\t<a class=\"elementor-post__read-more\" href=\"https:\/\/www.a-lepicerie.com\/en\/pave-de-saumon-panisse-et-puree-de-celeri-un-plat-a-lepicerie\/\" aria-label=\"Read more about Pav\u00e9 de saumon, panisse et pur\u00e9e de c\u00e9leri un plat \u00ab\u00a0A l&rsquo;Epicerie\u00a0\u00bb\" tabindex=\"-1\" >\n\t\t\tLire la suite\t\t<\/a>\n\n\t\t\t\t<\/div>\n\t\t\t\t<\/article>\n\t\t\t\t<article class=\"elementor-post elementor-grid-item post-10490 post type-post status-publish format-standard has-post-thumbnail hentry category-recettes\">\n\t\t\t\t<a class=\"elementor-post__thumbnail__link\" href=\"https:\/\/www.a-lepicerie.com\/en\/cromesquis-de-boeuf-estragon-une-entree-a-lepicerie\/\" tabindex=\"-1\" >\n\t\t\t<div class=\"elementor-post__thumbnail\"><img loading=\"lazy\" decoding=\"async\" width=\"650\" height=\"650\" src=\"https:\/\/www.a-lepicerie.com\/wp-content\/uploads\/2024\/05\/cromesquis-de-boeuf-P23-entree-grenoble-650x650.jpg\" class=\"attachment-drew_core_image_size_square size-drew_core_image_size_square wp-image-10492\" alt=\"\" title=\"Photo -\" srcset=\"https:\/\/www.a-lepicerie.com\/wp-content\/uploads\/2024\/05\/cromesquis-de-boeuf-P23-entree-grenoble-650x650.jpg 650w, https:\/\/www.a-lepicerie.com\/wp-content\/uploads\/2024\/05\/cromesquis-de-boeuf-P23-entree-grenoble-150x150.jpg 150w, https:\/\/www.a-lepicerie.com\/wp-content\/uploads\/2024\/05\/cromesquis-de-boeuf-P23-entree-grenoble-1300x1300.jpg 1300w\" sizes=\"(max-width: 650px) 100vw, 650px\" \/><\/div>\n\t\t<\/a>\n\t\t\t\t<div class=\"elementor-post__text\">\n\t\t\t\t<h2 class=\"elementor-post__title\">\n\t\t\t<a href=\"https:\/\/www.a-lepicerie.com\/en\/cromesquis-de-boeuf-estragon-une-entree-a-lepicerie\/\" >\n\t\t\t\tCromesquis de b\u0153uf \u00e0 l&rsquo;estragon, une entr\u00e9e \u00ab\u00a0A l&rsquo;Epicerie\u00a0\u00bb\t\t\t<\/a>\n\t\t<\/h2>\n\t\t\n\t\t<a class=\"elementor-post__read-more\" href=\"https:\/\/www.a-lepicerie.com\/en\/cromesquis-de-boeuf-estragon-une-entree-a-lepicerie\/\" aria-label=\"Read more about Cromesquis de b\u0153uf \u00e0 l&rsquo;estragon, une entr\u00e9e \u00ab\u00a0A l&rsquo;Epicerie\u00a0\u00bb\" tabindex=\"-1\" >\n\t\t\tLire la suite\t\t<\/a>\n\n\t\t\t\t<\/div>\n\t\t\t\t<\/article>\n\t\t\t\t<article class=\"elementor-post elementor-grid-item post-9954 post type-post status-publish format-standard has-post-thumbnail hentry category-recettes\">\n\t\t\t\t<a class=\"elementor-post__thumbnail__link\" href=\"https:\/\/www.a-lepicerie.com\/en\/bombe-au-chocolat-valhrona-creme-caramel-et-fleur-de-sel-de-camargue-une-recette-a-lepicerie\/\" tabindex=\"-1\" >\n\t\t\t<div class=\"elementor-post__thumbnail\"><img loading=\"lazy\" decoding=\"async\" width=\"650\" height=\"650\" src=\"https:\/\/www.a-lepicerie.com\/wp-content\/uploads\/2024\/02\/ALEPICERIE-20220928-31-BOMBE-CHARTRES-650x650.jpg\" class=\"attachment-drew_core_image_size_square size-drew_core_image_size_square wp-image-9956\" alt=\"\" title=\"Photo -\" srcset=\"https:\/\/www.a-lepicerie.com\/wp-content\/uploads\/2024\/02\/ALEPICERIE-20220928-31-BOMBE-CHARTRES-650x650.jpg 650w, https:\/\/www.a-lepicerie.com\/wp-content\/uploads\/2024\/02\/ALEPICERIE-20220928-31-BOMBE-CHARTRES-150x150.jpg 150w\" sizes=\"(max-width: 650px) 100vw, 650px\" \/><\/div>\n\t\t<\/a>\n\t\t\t\t<div class=\"elementor-post__text\">\n\t\t\t\t<h2 class=\"elementor-post__title\">\n\t\t\t<a href=\"https:\/\/www.a-lepicerie.com\/en\/bombe-au-chocolat-valhrona-creme-caramel-et-fleur-de-sel-de-camargue-une-recette-a-lepicerie\/\" >\n\t\t\t\tBombe au chocolat Valhrona cr\u00e8me caramel et fleur de sel de Camargue, une recette \u00ab\u00a0A l&rsquo;Epicerie\u00a0\u00bb\t\t\t<\/a>\n\t\t<\/h2>\n\t\t\n\t\t<a class=\"elementor-post__read-more\" href=\"https:\/\/www.a-lepicerie.com\/en\/bombe-au-chocolat-valhrona-creme-caramel-et-fleur-de-sel-de-camargue-une-recette-a-lepicerie\/\" aria-label=\"Read more about Bombe au chocolat Valhrona cr\u00e8me caramel et fleur de sel de Camargue, une recette \u00ab\u00a0A l&rsquo;Epicerie\u00a0\u00bb\" tabindex=\"-1\" >\n\t\t\tLire la suite\t\t<\/a>\n\n\t\t\t\t<\/div>\n\t\t\t\t<\/article>\n\t\t\t\t<\/div>\n\t\t\n\t\t\t\t<div class=\"e-load-more-anchor\" data-page=\"1\" data-max-page=\"3\" data-next-page=\"https:\/\/www.a-lepicerie.com\/en\/wp-json\/wp\/v2\/pages\/7355\/page\/2\/\"><\/div>\n\t\t\t\t<nav class=\"elementor-pagination\" aria-label=\"Pagination\">\n\t\t\t<span class=\"page-numbers prev\">&laquo; Pr\u00e9c\u00e9dent<\/span>\n<a class=\"page-numbers next\" href=\"https:\/\/www.a-lepicerie.com\/en\/wp-json\/wp\/v2\/pages\/7355\/page\/2\/\">Suivant &raquo;<\/a>\t\t<\/nav>\n\t\t\t\t\t\t<\/div>\n\t\t\t\t<\/div>\n\t\t\t\t\t<\/div>\n\t\t<\/div>\n\t\t\t\t\t<\/div>\n\t\t<\/section>\n\t\t\t\t<\/div>\n\t\t","protected":false},"excerpt":{"rendered":"<p>Recipes Our local recipes Cooks, experts, beginners, gourmets, gourmands, the \"A l'Epicerie\" recipes shared on these pages are available to you, whatever your level of experience.<\/p>","protected":false},"author":9,"featured_media":0,"parent":0,"menu_order":0,"comment_status":"closed","ping_status":"closed","template":"","meta":{"inline_featured_image":false,"footnotes":""},"class_list":["post-7355","page","type-page","status-publish","hentry"],"_links":{"self":[{"href":"https:\/\/www.a-lepicerie.com\/en\/wp-json\/wp\/v2\/pages\/7355","targetHints":{"allow":["GET"]}}],"collection":[{"href":"https:\/\/www.a-lepicerie.com\/en\/wp-json\/wp\/v2\/pages"}],"about":[{"href":"https:\/\/www.a-lepicerie.com\/en\/wp-json\/wp\/v2\/types\/page"}],"author":[{"embeddable":true,"href":"https:\/\/www.a-lepicerie.com\/en\/wp-json\/wp\/v2\/users\/9"}],"replies":[{"embeddable":true,"href":"https:\/\/www.a-lepicerie.com\/en\/wp-json\/wp\/v2\/comments?post=7355"}],"version-history":[{"count":27,"href":"https:\/\/www.a-lepicerie.com\/en\/wp-json\/wp\/v2\/pages\/7355\/revisions"}],"predecessor-version":[{"id":11406,"href":"https:\/\/www.a-lepicerie.com\/en\/wp-json\/wp\/v2\/pages\/7355\/revisions\/11406"}],"wp:attachment":[{"href":"https:\/\/www.a-lepicerie.com\/en\/wp-json\/wp\/v2\/media?parent=7355"}],"curies":[{"name":"wp","href":"https:\/\/api.w.org\/{rel}","templated":true}]}}